{"id":84,"date":"2021-04-01T12:38:48","date_gmt":"2021-04-01T10:38:48","guid":{"rendered":"https:\/\/lausanne-usl.ch\/reservations\/?page_id=84"},"modified":"2022-05-19T16:37:56","modified_gmt":"2022-05-19T14:37:56","slug":"reservation-de-la-banniere-usl","status":"publish","type":"page","link":"https:\/\/lausanne-usl.ch\/reservations\/reservation-de-la-banniere-usl\/","title":{"rendered":"R\u00e9servation de la banni\u00e8re USL"},"content":{"rendered":"\n<p>La banni\u00e8re USL est disponible \u00e0 la location dans le cadre de vos jubil\u00e9s, enterrements, etc.<\/p>\n\n\n\r\n\t<div id=\"calendarista_5\" class=\"calendarista card calendarista-typography\">\r\n\t\t\t\t<div class=\"calendarista-wizard card\">\r\n\t\t\t<div class=\"card-header\">\r\n\t\t\t\t<div class=\"col-xl-12 calendarista-navbar-container\">\r\n\t\t\t\t\t<div id=\"navbar_calendarista_5\">\r\n\t\t\t\t\t\t<ol class=\"nav nav-tabs calendarista-wizard-nav card-header-tabs calendarista-typography--caption1\">\r\n\t\t\t\t\t\t\t\t\t\t\t\t  <li class=\"nav-item\">\r\n\t\t\t\t\t\t\t<a href=\"#\" class=\"nav-link active\" data-calendarista-index=\"1\">\r\n\t\t\t\t\t\t\t  <span class=\"calendarista-nav-label\">Date et heure<\/span>\r\n\t\t\t\t\t\t\t<\/a>\r\n\t\t\t\t\t\t  <\/li>\r\n\t\t\t\t\t\t  \t\t\t\t\t\t  <li class=\"nav-item\">\r\n\t\t\t\t\t\t\t<a href=\"#\" class=\"nav-link\" data-calendarista-index=\"2\">\r\n\t\t\t\t\t\t\t  <span class=\"calendarista-nav-label\">D\u00e9tails<\/span>\r\n\t\t\t\t\t\t\t<\/a>\r\n\t\t\t\t\t\t  <\/li>\r\n\t\t\t\t\t\t  \t\t\t\t\t\t  <li class=\"nav-item\">\r\n\t\t\t\t\t\t\t<a href=\"#\" class=\"nav-link\" data-calendarista-index=\"3\">\r\n\t\t\t\t\t\t\t  <span class=\"calendarista-nav-label\">Validation de la r\u00e9servation<\/span>\r\n\t\t\t\t\t\t\t<\/a>\r\n\t\t\t\t\t\t  <\/li>\r\n\t\t\t\t\t\t  \t\t\t\t\t\t<\/ol>\r\n\t\t\t\t\t\t\t\t\t\t\t<\/div>\r\n\t\t\t\t<\/div>\r\n\t\t\t<\/div>\r\n\t\t\t<div class=\"card-body\">\r\n\t\t\t\t<div class=\"calendarista-wizard-section-block calendarista-wizard-section-block-include-thumb calendarista-wizard-section-no-thumbnail\">\r\n\t\t\t\t\t<div class=\"calendarista-wizard-section-block-thumb\" style=\"display:none;\"><\/div>\r\n\t\t\t\t\t<div class=\"container\">\r\n\t\t\t\t\t\t\t\t\t\t\t\t\t\t\t\t\t\t<form id=\"form-calendarista_5\" data-parsley-validate action=\"\/reservations\/wp-json\/wp\/v2\/pages\/84#CAL5\" method=\"post\" \r\n\t\t\t\t\t\t\tdata-parsley-inputs=\"input, textarea, select, hidden\" \r\n\t\t\t\t\t\t\tdata-parsley-excluded=\"input[type=button], input[type=submit], input[type=reset]\">\r\n\t\t\t\t\t\t\t<input type=\"hidden\" name=\"projectId\" value=\"5\">\r\n\t\t\t\t\t\t\t<input type=\"hidden\" name=\"calendarMode\" value=\"4\">\r\n\t\t\t\t\t\t\t<input type=\"hidden\" name=\"postbackStep\" value=\"calendar\"> \r\n\t\t\t\t\t\t\t<input type=\"hidden\" name=\"availabilityPreviewUrl\" value=\"\">\r\n\t\t\t\t\t\t\t<input type=\"hidden\" name=\"serviceThumbnailView\" value=\"0\">\r\n\t\t\t\t\t\t\t<input type=\"hidden\" name=\"availabilityThumbnailView\" value=\"0\">\r\n\t\t\t\t\t\t\t<input type=\"hidden\" name=\"__viewstate\" value=\"a:1:{i:0;a:1:{s:9:&quot;projectId&quot;;i:5;}}\">\r\n\t\t\t\t\t\t\t<input type=\"hidden\" name=\"stagingId\" value=\"\">\r\n\t\t\t\t\t\t\t<input type=\"hidden\" name=\"requestId\" value=\"calendarista_req_1775829089_69d90061e9dde\">\r\n\t\t\t\t\t\t\t<input type=\"hidden\" name=\"projectList\" value=\"5\">\r\n\t\t\t\t\t\t\t<input type=\"hidden\" name=\"enableMultipleBooking\" value=\"\">\r\n\t\t\t\t\t\t\t<input type=\"hidden\" name=\"calendarista_cart\" value=\"\"\/>\r\n\t\t\t\t\t\t\t\t\t<div class=\"calendarista calendarista-calendar-legend5 hide\">\r\n\t\t\t\t<div class=\"clearfix\"><\/div>\r\n\t<\/div>\r\n\t<input type=\"hidden\" name=\"availableDate\" value=\"\"\/>\r\n\t<input type=\"hidden\" name=\"minDate\" value=\"vendredi, 10 avril, 2026\"\/>\r\n\t<input type=\"hidden\" name=\"endDate\" value=\"\"\/>\r\n\t<input type=\"hidden\" name=\"clientAvailableDate\" value=\"\"\/>\r\n\t<input type=\"hidden\" name=\"clientEndDate\" value=\"\"\/>\r\n\t<input type=\"hidden\" name=\"maxTimeslots\" value=\"1\"\/>\r\n\t<input type=\"hidden\" name=\"timezone\" value=\"\"\/>\r\n\t<input type=\"hidden\" name=\"dynamicFieldsCount\" value=\"0\" \/>\r\n\t<input type=\"hidden\" name=\"multiDateSelection\" value=\"\"\/>\r\n\t<input type=\"hidden\" name=\"bookingDaysMinimum\" value=\"0\"\/>\r\n\t\t\t\t\t\t<div class=\"availability_placeholder\">\r\n\t\t\t\t<input type=\"hidden\" \r\n\t\t\tname=\"availabilityId\" \r\n\t\t\tvalue=\"11\" \/>\r\n\t\t\t<\/div>\r\n\t\t<div class=\"row\">\r\n\t\t\t<div class=\"col-xl-6\">\r\n\t\t\t<div id=\"calendarista_liveregion\" role=\"log\" aria-live=\"assertive\" aria-atomic=\"true\" aria-relevant=\"additions\" class=\"sr-only\"><\/div>\r\n\t\t\t<div class=\"form-group\">\r\n\t\t\t\t<label class=\"form-control-label calendarista-typography--caption1\" for=\"start_date_calendarista_5\">\r\n\t\t\t\t\t\t\t\t\t\t\tDate de d\u00e9but\t\t\t\t\t\t\t\t\t<\/label>\r\n\t\t\t\t<div class=\"input-group\">\r\n\t\t\t\t\t<input type=\"text\" \r\n\t\t\t\t\t\t\tid=\"start_date_calendarista_5\" \r\n\t\t\t\t\t\t\tclass=\"calendarista-start-date form-control calendarista-typography--caption1 calendarista-readonly-field calendarista_parsley_validated\" \r\n\t\t\t\t\t\t\treadonly\r\n\t\t\t\t\t\t\tdata-calendarista-loading=\"Chargement\u2026\"\r\n\t\t\t\t\t\t\tplaceholder=\"S\u00e9lectionnez une date\"\r\n\t\t\t\t\t\t\tdata-parsley-trigger=\"change\" \r\n\t\t\t\t\t\t\tdata-parsley-errors-container=\"#start_date_error_container_calendarista_5\" \r\n\t\t\t\t\t\t\tdata-parsley-required=\"true\"\r\n\t\t\t\t\t\t\tvalue=\"\"\r\n\t\t\t\t\t\t\taria-label=\"Please note: page up\/down for previous\/next month, ctrl plus page up\/down for previous\/next year, ctrl plus left\/right for previous\/next day, enter key to accept the selected date\">\r\n\t\t\t\t\t<label for=\"start_date_calendarista_5\" class=\"input-group-text\">\r\n\t\t\t\t\t\t<i class=\"fa fa-calendar\"><\/i>\r\n\t\t\t\t\t<\/label>\r\n\t\t\t\t<\/div>\r\n\t\t\t\t<div id=\"start_date_error_container_calendarista_5\" class=\"calendarista-typography--caption1\"><\/div>\r\n\t\t\t<\/div>\r\n\t\t\t<div class=\"clearfix\"><\/div>\r\n\t\t\t\t<div class=\"calendarista-start-timeslot-placeholder\"><\/div>\r\n\t<div id=\"startTimecalendarista_5_error_container\"><\/div>\r\n\t\t\t\t<\/div>\r\n\t\t\t\t<div class=\"col-xl-6\">\r\n\t\t\t<div class=\"form-group\">\r\n\t\t\t\t\t\t\t\t<label class=\"form-control-label calendarista-typography--caption1\" for=\"end_date_calendarista_5\">\r\n\t\t\t\t\t\t\t\t\t\t\tDate de fin\t\t\t\t\t\t\t\t\t<\/label>\r\n\t\t\t\t<div class=\"input-group\">\r\n\t\t\t\t\t<input type=\"text\" \r\n\t\t\t\t\t\t\tid=\"end_date_calendarista_5\" \r\n\t\t\t\t\t\t\tclass=\"calendarista-end-date form-control calendarista-typography--caption1 calendarista-readonly-field calendarista_parsley_validated\" \r\n\t\t\t\t\t\t\treadonly\r\n\t\t\t\t\t\t\tdata-calendarista-loading=\"Chargement\u2026\"\r\n\t\t\t\t\t\t\tplaceholder=\"S\u00e9lectionnez une date\"\r\n\t\t\t\t\t\t\tdata-parsley-trigger=\"change\" \r\n\t\t\t\t\t\t\tdata-parsley-errors-container=\"#end_date_error_container_calendarista_5\" \r\n\t\t\t\t\t\t\tvalue=\"\"\r\n\t\t\t\t\t\t\t\t\t\t\t\t\t\tdata-parsley-required=\"true\"\r\n\t\t\t\t\t\t\t\t\t\t\t\t\t\taria-label=\"Please note: page up\/down for previous\/next month, ctrl plus page up\/down for previous\/next year, ctrl plus left\/right for previous\/next day, enter key to accept the selected date\">\r\n\t\t\t\t\t<label for=\"end_date_calendarista_5\" class=\"input-group-text\">\r\n\t\t\t\t\t\t<i class=\"fa fa-calendar\"><\/i>\r\n\t\t\t\t\t<\/label>\r\n\t\t\t\t<\/div>\r\n\t\t\t\t<div id=\"end_date_error_container_calendarista_5\" class=\"calendarista-typography--caption1\"><\/div>\r\n\t\t\t\t\t\t\t<\/div>\r\n\t\t\t\t<div class=\"calendarista-end-timeslot-placeholder\"><\/div>\r\n\t<div id=\"endTimecalendarista_5_error_container\"><\/div>\r\n\t\t\t\t\t\t\t<\/div>\r\n\t\t\t\t<\/div>\r\n\t\t<div class=\"col-xl-12\">\r\n\t\t<div class=\"form-group calendarista-date-range-error calendarista-row-single hide\">\r\n\t\t\t<div class=\"alert alert-warning calendarista-typography--caption1\" role=\"alert\">\r\n\t\t\t\t<strong>Mise en garde\u00a0!<\/strong>&nbsp;La plage de dates s\u00e9lectionn\u00e9es est invalide et a \u00e9t\u00e9 r\u00e9initialis\u00e9e.\t\t\t<\/div>\r\n\t\t<\/div>\r\n\t\t<div class=\"clearfix\"><\/div>\r\n\t\t<div class=\"form-group calendarista-timeslots-error calendarista-row-single hide\">\r\n\t\t\t<div class=\"alert alert-warning calendarista-typography--caption1\" role=\"alert\">\r\n\t\t\t\t<strong>Mise en garde\u00a0!<\/strong>&nbsp;Aucune plage de dates n\u2019est disponible pour le jour s\u00e9lectionn\u00e9.\t\t\t<\/div>\r\n\t\t<\/div>\r\n\t\t<div class=\"clearfix\"><\/div>\r\n\t\t<div class=\"form-group calendarista-timeslots-return-error calendarista-row-single hide\">\r\n\t\t\t<div class=\"alert alert-warning calendarista-typography--caption1\" role=\"alert\">\r\n\t\t\t\t<strong>Mise en garde\u00a0!<\/strong>&nbsp;Time slots are unavailable for the return trip.\t\t\t<\/div>\r\n\t\t<\/div>\r\n\t\t<div class=\"clearfix\"><\/div>\r\n\t\t\t\t\t<\/div>\r\n\t\t\t\t\t\t\t<div class=\"calendarista-seats-placeholder\"><\/div>\r\n\t\t<div class=\"calendarista-dynamicfield-placeholder\"><\/div>\r\n\t\t<div class=\"calendarista-repeat-appointment-placeholder\"><\/div>\r\n\t\t\t<script type=\"text\/javascript\">\r\n\t(function(){\r\n\t\tfunction init(){\r\n\t\t\tvar calendar = new Calendarista.calendar({\r\n\t\t\t\t'id': 'calendarista_5'\r\n\t\t\t\t, 'calendarMode': 4 \r\n\t\t\t\t, 'firstDayOfWeek': 1\t\t\t\t, 'ajaxUrl': 'https:\/\/lausanne-usl.ch\/reservations\/wp-admin\/admin-ajax.php'\r\n\t\t\t\t, 'projectId': 5 \r\n\t\t\t\t, 'dateFormat': 'DD, d MM, yy'\r\n\t\t\t\t, 'thumbnails': []\t\t\t\t, 'appointment': -1\t\t\t\t, 'bookingDaysMinimum': 0\t\t\t\t, 'bookingDaysMaximum': 0\t\t\t\t, 'dayCountMode': 0\t\t\t\t, 'searchResultStartTime': ''\r\n\t\t\t\t, 'searchResultEndTime':  ''\r\n\t\t\t\t, 'timeDisplayMode': 0\t\t\t\t, 'enableMultipleBooking': 0\t\t\t\t, 'clearLabel': 'Clear'\r\n\t\t\t\t, 'seasons': []\t\t\t\t, 'minTime': 0\t\t\t\t, 'maxTime': 0\t\t\t\t, 'returnSameDay': 0\t\t\t\t, 'returnOptional': 0\t\t\t\t, 'repeatPageSize': 0\t\t\t})\r\n\t\t\t, gmaps;\r\n\t\t\t\t\t\tthis.$nextButton = calendar.$root.find('button[name=\"next\"]');\r\n\t\t\t\t\t\tthis.$nextButton.on('click', function(e){\r\n\t\t\t\tvar $multiDateSelection = calendar.$root.find('input[name=\"multiDateSelection\"]')\r\n\t\t\t\t\t, bookingDaysMinimum = calendar.bookingDaysMinimum\r\n\t\t\t\t\t, multiDatesVal = $multiDateSelection.val()\r\n\t\t\t\t\t, multiDates = multiDatesVal ? multiDatesVal.split(';') : []\r\n\t\t\t\t\t, sel = (multiDates.length > 0 && (!bookingDaysMinimum || multiDates.length >= bookingDaysMinimum)) ? '.calendarista-dynamicfield.calendarista_parsley_validated' : null;\r\n\t\t\t\tif(!Calendarista.wizard.isValid(calendar.$root, sel)){\r\n\t\t\t\t\te.preventDefault();\r\n\t\t\t\t\treturn false;\r\n\t\t\t\t}else if (multiDates.length > 0){\r\n\t\t\t\t\tcalendar.$startDate.parsley().reset();\r\n\t\t\t\t}\r\n\t\t\t\tcalendar.unload();\r\n\t\t\t\tif(gmaps){\r\n\t\t\t\t\tgmaps.unload();\r\n\t\t\t\t}\r\n\t\t\t});\r\n\t\t}\r\n\t\t\t\t\r\n\t\tif (window.addEventListener){\r\n\t\t  window.addEventListener('load', onload, false); \r\n\t\t} else if (window.attachEvent){\r\n\t\t  window.attachEvent('onload', onload);\r\n\t\t}\r\n\t\tfunction onload(e){\r\n\t\t\tinit();\r\n\t\t}\r\n\t\t\t\t\r\n\t})();\r\n\t<\/script>\r\n\t\t\t\t\t\t\t\t<div class=\"clearfix\"><\/div>\r\n\t\t\t\t\t\t\t\t\t\t\t\t\t\t<div class=\"col-xl-12 calendarista-row-single calendarista-cost-summary-placeholder\"><\/div>\r\n\t\t\t\t\t\t\t\t\t\t\t\t\t\t<div class=\"col-xl-12 calendarista-row-double\">\r\n\t\t\t\t\t\t\t\t<div class=\"row\">\r\n\t\t\t\t\t\t\t\t\t<div class=\"col-1\">\r\n\t\t\t\t\t\t\t\t\t\t<div id=\"spinner_calendarista_5\" class=\"spinner-border text-primary calendarista-invisible\" role=\"status\">\r\n\t\t\t\t\t\t\t\t\t\t  <span class=\"sr-only\">Chargement\u2026<\/span>\r\n\t\t\t\t\t\t\t\t\t\t<\/div>\r\n\t\t\t\t\t\t\t\t\t<\/div>\r\n\t\t\t\t\t\t\t\t\t<div class=\"col-11 calendarista-align-right\">\r\n\t\t\t\t\t\t\t\t\t\t\t\t\t\t\t\t\t\t\t\t\t\t\t\t\t\t\t\t\t\t\t<button id=\"calendarista_5_next\" type=\"button\" name=\"next\" class=\"btn btn-primary calendarista-typography--button calendarista-btn-next\" value=\"2\">Suivant&nbsp;<i class=\"fa fa-chevron-right\"><\/i><\/button>\r\n\t\t\t\t\t\t\t\t\t\t\t\t\t\t\t\t\t\t\t<\/div>\r\n\t\t\t\t\t\t\t\t<\/div>\r\n\t\t\t\t\t\t\t<\/div>\r\n\t\t\t\t\t\t<\/form>\r\n\t\t\t\t\t\t<div class=\"clearfix\"><\/div>\r\n\t\t\t\t\t\t<script type=\"text\/javascript\">\r\n\t\t\t\t\t\t(function(){\r\n\t\t\t\t\t\t\t\"use strict\";\r\n\t\t\t\t\t\t\tfunction init(){\r\n\t\t\t\t\t\t\t\tnew Calendarista.wizard({\r\n\t\t\t\t\t\t\t\t\t'id': 'calendarista_5'\r\n\t\t\t\t\t\t\t\t\t, 'wizardAction': 'calendarista_wizard'\r\n\t\t\t\t\t\t\t\t\t, 'prevIndex': 0\t\t\t\t\t\t\t\t\t, 'nextIndex': 2\t\t\t\t\t\t\t\t\t, 'stepCounter': 3\t\t\t\t\t\t\t\t\t, 'appointment': 0\r\n\t\t\t\t\t\t\t\t\t, 'steps': [{\"name\":\"calendar\",\"counter\":1,\"label\":\"Date et heure\"},{\"name\":\"form\",\"counter\":2,\"label\":\"D\\u00e9tails\"},{\"name\":\"checkout\",\"counter\":3,\"label\":\"Validation de la r\\u00e9servation\"}]\t\t\t\t\t\t\t\t\t, 'selectedStepName': 'calendar'\r\n\t\t\t\t\t\t\t\t\t, 'selectedStepIndex': 1\t\t\t\t\t\t\t\t});\r\n\t\t\t\t\t\t\t}\r\n\t\t\t\t\t\t\t\t\t\t\t\t\t\tif (window.addEventListener){\r\n\t\t\t\t\t\t\t  window.addEventListener('load', onload, false); \r\n\t\t\t\t\t\t\t} else if (window.attachEvent){\r\n\t\t\t\t\t\t\t  window.attachEvent('onload', onload);\r\n\t\t\t\t\t\t\t}\r\n\t\t\t\t\t\t\tfunction onload(e){\r\n\t\t\t\t\t\t\t\tinit();\r\n\t\t\t\t\t\t\t}\r\n\t\t\t\t\t\t\t\t\t\t\t\t\t})();\r\n\t\t\t\t\t\t<\/script>\r\n\t\t\t\t\t<\/div>\r\n\t\t\t\t<\/div>\r\n\t\t\t<\/div>\r\n\t\t<\/div>\r\n\t<\/div>\r\n\t\n\n\n\n<div style=\"height:50px\" aria-hidden=\"true\" class=\"wp-block-spacer\"><\/div>\n\n\n\t\r\n\t<div class=\"calendarista\">\r\n\t\t<div id=\"spinner_callback_5\" class=\"calendarista-spinner spinner-border text-dark calendarista-invisible\" role=\"status\">\r\n\t\t  <span class=\"sr-only\">Chargement\u2026<\/span>\r\n\t\t<\/div>\r\n\t\t<div id=\"calendarista_calendar_5\" class=\"calendarista-fullcalendar-frontend\"><\/div>\r\n\t<\/div>\r\n\t<script type=\"text\/javascript\">\r\n\t\t(function($){\r\n\t\t\t\"use strict\";\r\n\t\t\t$(window).ready(function(){\r\n\t\t\t\tnew Calendarista.fullcalendar({\r\n\t\t\t\t\t'ajaxUrl': 'https:\/\/lausanne-usl.ch\/reservations\/wp-admin\/admin-ajax.php'\r\n\t\t\t\t\t, 'fullcalendarId': 'calendarista_calendar_5'\r\n\t\t\t\t\t, 'spinnerId': 'spinner_callback_5'\r\n\t\t\t\t\t, 'projectList': '5'\r\n\t\t\t\t\t, 'view': 'month'\r\n\t\t\t\t\t, 'formElementList': '-1'\r\n\t\t\t\t\t, 'locale': 'fr'\r\n\t\t\t\t\t, 'status': 1\t\t\t\t\t, 'includeNameField': 0\t\t\t\t\t, 'includeEmailField': 0\t\t\t\t\t, 'includeAvailabilityNameField':  1\t\t\t\t\t, 'includeSeats': 0\t\t\t\t\t, 'firstDayOfWeek': 1\t\t\t\t\t, 'nonce': ''\r\n\t\t\t\t});\r\n\t\t\t});\r\n\t})(window['jQuery']);\r\n\t<\/script>\r\n\t\t\n","protected":false},"excerpt":{"rendered":"<p>La banni\u00e8re USL est disponible \u00e0 la location dans le cadre de vos jubil\u00e9s, enterrements, etc.<\/p>\n","protected":false},"author":4,"featured_media":0,"parent":0,"menu_order":0,"comment_status":"closed","ping_status":"open","template":"","meta":{"site-sidebar-layout":"default","site-content-layout":"default","ast-site-content-layout":"default","site-content-style":"default","site-sidebar-style":"default","ast-global-header-display":"","ast-banner-title-visibility":"","ast-main-header-display":"","ast-hfb-above-header-display":"","ast-hfb-below-header-display":"","ast-hfb-mobile-header-display":"","site-post-title":"","ast-breadcrumbs-content":"","ast-featured-img":"","footer-sml-layout":"","ast-disable-related-posts":"","theme-transparent-header-meta":"default","adv-header-id-meta":"","stick-header-meta":"default","header-above-stick-meta":"","header-main-stick-meta":"","header-below-stick-meta":"","astra-migrate-meta-layouts":"default","ast-page-background-enabled":"default","ast-page-background-meta":{"desktop":{"background-color":"","background-image":"","background-repeat":"repeat","background-position":"center center","background-size":"auto","background-attachment":"scroll","background-type":"","background-media":"","overlay-type":"","overlay-color":"","overlay-opacity":"","overlay-gradient":""},"tablet":{"background-color":"","background-image":"","background-repeat":"repeat","background-position":"center center","background-size":"auto","background-attachment":"scroll","background-type":"","background-media":"","overlay-type":"","overlay-color":"","overlay-opacity":"","overlay-gradient":""},"mobile":{"background-color":"","background-image":"","background-repeat":"repeat","background-position":"center center","background-size":"auto","background-attachment":"scroll","background-type":"","background-media":"","overlay-type":"","overlay-color":"","overlay-opacity":"","overlay-gradient":""}},"ast-content-background-meta":{"desktop":{"background-color":"var(--ast-global-color-5)","background-image":"","background-repeat":"repeat","background-position":"center center","background-size":"auto","background-attachment":"scroll","background-type":"","background-media":"","overlay-type":"","overlay-color":"","overlay-opacity":"","overlay-gradient":""},"tablet":{"background-color":"var(--ast-global-color-5)","background-image":"","background-repeat":"repeat","background-position":"center center","background-size":"auto","background-attachment":"scroll","background-type":"","background-media":"","overlay-type":"","overlay-color":"","overlay-opacity":"","overlay-gradient":""},"mobile":{"background-color":"var(--ast-global-color-5)","background-image":"","background-repeat":"repeat","background-position":"center center","background-size":"auto","background-attachment":"scroll","background-type":"","background-media":"","overlay-type":"","overlay-color":"","overlay-opacity":"","overlay-gradient":""}},"footnotes":""},"class_list":["post-84","page","type-page","status-publish","hentry"],"_links":{"self":[{"href":"https:\/\/lausanne-usl.ch\/reservations\/wp-json\/wp\/v2\/pages\/84","targetHints":{"allow":["GET"]}}],"collection":[{"href":"https:\/\/lausanne-usl.ch\/reservations\/wp-json\/wp\/v2\/pages"}],"about":[{"href":"https:\/\/lausanne-usl.ch\/reservations\/wp-json\/wp\/v2\/types\/page"}],"author":[{"embeddable":true,"href":"https:\/\/lausanne-usl.ch\/reservations\/wp-json\/wp\/v2\/users\/4"}],"replies":[{"embeddable":true,"href":"https:\/\/lausanne-usl.ch\/reservations\/wp-json\/wp\/v2\/comments?post=84"}],"version-history":[{"count":0,"href":"https:\/\/lausanne-usl.ch\/reservations\/wp-json\/wp\/v2\/pages\/84\/revisions"}],"wp:attachment":[{"href":"https:\/\/lausanne-usl.ch\/reservations\/wp-json\/wp\/v2\/media?parent=84"}],"curies":[{"name":"wp","href":"https:\/\/api.w.org\/{rel}","templated":true}]}}