{"id":2,"date":"2021-02-11T07:38:15","date_gmt":"2021-02-11T06:38:15","guid":{"rendered":"https:\/\/lausanne-usl.ch\/scrabble-lausanne\/?page_id=2"},"modified":"2024-10-01T10:26:00","modified_gmt":"2024-10-01T08:26:00","slug":"accueil","status":"publish","type":"page","link":"https:\/\/lausanne-usl.ch\/scrabble-lausanne\/","title":{"rendered":"Accueil"},"content":{"rendered":"\n<div class=\"wp-block-columns is-layout-flex wp-container-core-columns-is-layout-28f84493 wp-block-columns-is-layout-flex\">\n<div class=\"wp-block-column is-layout-flow wp-block-column-is-layout-flow\" style=\"flex-basis:25%\">\n<p><strong>Pour de plus amples renseignements :\u00a0<br>Vincent Maendly, pr\u00e9sident<br>\u00a0e-mail: ble@fssc.ch<br>Sylvianne Henriot, secr\u00e9taire<br>021 \/ 648 12 32<br><br>E-mail :\u00a0<a href=\"mailto:ble@fssc.ch\">ble@fssc.ch<\/a><\/strong><\/p>\n<\/div>\n\n\n\n<div class=\"wp-block-column is-layout-flow wp-block-column-is-layout-flow\" style=\"flex-basis:75%\">\n<p>Notre club a \u00e9t\u00e9 cr\u00e9\u00e9 en 1997 par quelques fervents amateurs de Scrabble qui avaient envie d&#8217;assouvir leur passion des mots pr\u00e8s de chez eux et d&#8217;y entra\u00eener de nouveaux adeptes. Nous nous retrouvons d\u00e8s lors dans les locaux du Centre de quartier des Bossons (La Cabane) o\u00f9 toutes les conditions sont remplies pour partager ensemble d&#8217;excellents moments conviviaux.<\/p>\n\n\n\n<p>Nous vous proposons des entra\u00eenements tr\u00e8s diff\u00e9rents:<\/p>\n\n\n\n<ul class=\"wp-block-list\">\n<li>3 lundis apr\u00e8s-midi par mois de 14h \u00e0 16h.<\/li>\n\n\n\n<li>deux mardis soir par mois, d\u00e8s 19h45, plus bas\u00e9s sur le perfectionnement.<\/li>\n\n\n\n<li>un jeudi mensuel extra-muros (au Caf\u00e9 du Loup) d\u00e8s 19h30, dans une ambiance tr\u00e8s relaxe et conviviale.<\/li>\n<\/ul>\n\n\n\n<p>Le mode de jeu principal est le Scrabble duplicate, diff\u00e9rent du Scrabble classique, o\u00f9 le facteur chance n\u2019est pas pr\u00e9sent car tous les joueurs disposent des m\u00eames lettres. Chacun joue donc sur sa propre grille, dans les m\u00eames conditions que ses acolytes. Un arbitre annonce les lettres et le maximum r\u00e9alisable (nombre de points) \u00e0 chaque coup. La partie continue ainsi jusqu\u2019\u00e0 ce qu\u2019il ne reste uniquement que des consonnes ou que des voyelles. Les scores des joueurs sont ainsi comparables<\/p>\n\n\n\n<p>Le club compte actuellement une trentaine de membres de tous \u00e2ges et de tous niveaux venant d&#8217;horizons divers. Tous ont essay\u00e9\u2026 et se sont pris \u00e0 ce jeu passionnant et enrichissant auquel nous ne pouvons que vous  inviter. Bienvenue \u00e0 vous !<\/p>\n\n\n\n<p>Notre club est membre de la F\u00e9d\u00e9ration Suisse de Scrabble: www.fssc.ch<\/p>\n\n\n\n<p>Adresse pour les entra\u00eenements : Centre de quartier Bossons &#8211; Plaines du Loup, Ch. des Bossons 39 bis &#8211; 1018 Lausanne<\/p>\n\n\n\n<p>Adresse postale :<br>Club de Scrabble de la Bl\u00e9cherette &#8211; Ch. de la Cigale 6 &#8211; 1010 Lausanne<br>Site : http:\/\/www.lausanne-usl.ch\/scrabble-lausanne<\/p>\n<\/div>\n<\/div>\n\n\n\n<div class=\"wp-block-block-image-gallery-block eb-gallery-img-wrapper columns-3\"><a class=\"eb-gallery-img-link caption-style-0 \" style=\"width:false;padding:3px 3px 3px 3px\" data-fslightbox=\"gallery\" data-caption=\"Soir\u00e9e \u00e0 la cabane\" href=\"https:\/\/lausanne-usl.ch\/scrabble-lausanne\/wp-content\/uploads\/sites\/9\/2021\/02\/soiree-cabane.jpg\"><img decoding=\"async\" class=\"eb-gallery-img\" src=\"https:\/\/lausanne-usl.ch\/scrabble-lausanne\/wp-content\/uploads\/sites\/9\/2021\/02\/soiree-cabane.jpg\" style=\"border:0px none gray;filter:drop-shadow(0px 0px 0px gray)\"\/><span class=\"eb-gallery-img-caption\" style=\"display:flex;color:rgba(240,250,255,1);justify-content:center;align-items:flex-end;text-align:center;padding:0px 0px 0px 0px\">Soir\u00e9e \u00e0 la cabane<\/span><\/a><a class=\"eb-gallery-img-link caption-style-0 \" style=\"width:false;padding:3px 3px 3px 3px\" data-fslightbox=\"gallery\" data-caption=\"Nos deux champions du monde : David Bovet et Hugo Delafontaine\" href=\"https:\/\/lausanne-usl.ch\/scrabble-lausanne\/wp-content\/uploads\/sites\/9\/2021\/02\/deux-champions.jpg\"><img decoding=\"async\" class=\"eb-gallery-img\" src=\"https:\/\/lausanne-usl.ch\/scrabble-lausanne\/wp-content\/uploads\/sites\/9\/2021\/02\/deux-champions.jpg\" style=\"border:0px none gray;filter:drop-shadow(0px 0px 0px gray)\"\/><span class=\"eb-gallery-img-caption\" style=\"display:flex;color:rgba(240,250,255,1);justify-content:center;align-items:flex-end;text-align:center;padding:0px 0px 0px 0px\">Nos deux champions du monde : David Bovet et Hugo Delafontaine<\/span><\/a><a class=\"eb-gallery-img-link caption-style-0 \" style=\"width:false;padding:3px 3px 3px 3px\" data-fslightbox=\"gallery\" data-caption=\"Le club de La Bl\u00e9cherette est champion d'Europe 2014\" href=\"https:\/\/lausanne-usl.ch\/scrabble-lausanne\/wp-content\/uploads\/sites\/9\/2021\/02\/scrabble-championne-europe-montreux.jpg\"><img decoding=\"async\" class=\"eb-gallery-img\" src=\"https:\/\/lausanne-usl.ch\/scrabble-lausanne\/wp-content\/uploads\/sites\/9\/2021\/02\/scrabble-championne-europe-montreux.jpg\" style=\"border:0px none gray;filter:drop-shadow(0px 0px 0px gray)\"\/><span class=\"eb-gallery-img-caption\" style=\"display:flex;color:rgba(240,250,255,1);justify-content:center;align-items:flex-end;text-align:center;padding:0px 0px 0px 0px\">Le club de La Bl\u00e9cherette est champion d&#8217;Europe 2014<\/span><\/a><\/div>\n","protected":false},"excerpt":{"rendered":"<p>Pour de plus amples renseignements :\u00a0Vincent Maendly, pr\u00e9sident\u00a0e-mail: ble@fssc.chSylvianne Henriot, secr\u00e9taire021 \/ 648 12 32 E-mail :\u00a0ble@fssc.ch Notre club a \u00e9t\u00e9 cr\u00e9\u00e9 en 1997 par quelques fervents amateurs de Scrabble qui avaient envie d&#8217;assouvir leur passion des mots pr\u00e8s de chez eux et d&#8217;y entra\u00eener de nouveaux adeptes. Nous nous retrouvons d\u00e8s lors dans les [&hellip;]<\/p>\n","protected":false},"author":1,"featured_media":0,"parent":0,"menu_order":0,"comment_status":"closed","ping_status":"open","template":"","meta":{"_eb_attr":"","_uag_custom_page_level_css":"","site-sidebar-layout":"default","site-content-layout":"default","ast-site-content-layout":"default","site-content-style":"default","site-sidebar-style":"default","ast-global-header-display":"","ast-banner-title-visibility":"","ast-main-header-display":"","ast-hfb-above-header-display":"","ast-hfb-below-header-display":"","ast-hfb-mobile-header-display":"","site-post-title":"","ast-breadcrumbs-content":"","ast-featured-img":"","footer-sml-layout":"","ast-disable-related-posts":"","theme-transparent-header-meta":"default","adv-header-id-meta":"","stick-header-meta":"","header-above-stick-meta":"","header-main-stick-meta":"","header-below-stick-meta":"","astra-migrate-meta-layouts":"set","ast-page-background-enabled":"default","ast-page-background-meta":{"desktop":{"background-color":"","background-image":"","background-repeat":"repeat","background-position":"center center","background-size":"auto","background-attachment":"scroll","background-type":"","background-media":"","overlay-type":"","overlay-color":"","overlay-opacity":"","overlay-gradient":""},"tablet":{"background-color":"","background-image":"","background-repeat":"repeat","background-position":"center center","background-size":"auto","background-attachment":"scroll","background-type":"","background-media":"","overlay-type":"","overlay-color":"","overlay-opacity":"","overlay-gradient":""},"mobile":{"background-color":"","background-image":"","background-repeat":"repeat","background-position":"center center","background-size":"auto","background-attachment":"scroll","background-type":"","background-media":"","overlay-type":"","overlay-color":"","overlay-opacity":"","overlay-gradient":""}},"ast-content-background-meta":{"desktop":{"background-color":"var(--ast-global-color-5)","background-image":"","background-repeat":"repeat","background-position":"center center","background-size":"auto","background-attachment":"scroll","background-type":"","background-media":"","overlay-type":"","overlay-color":"","overlay-opacity":"","overlay-gradient":""},"tablet":{"background-color":"var(--ast-global-color-5)","background-image":"","background-repeat":"repeat","background-position":"center center","background-size":"auto","background-attachment":"scroll","background-type":"","background-media":"","overlay-type":"","overlay-color":"","overlay-opacity":"","overlay-gradient":""},"mobile":{"background-color":"var(--ast-global-color-5)","background-image":"","background-repeat":"repeat","background-position":"center center","background-size":"auto","background-attachment":"scroll","background-type":"","background-media":"","overlay-type":"","overlay-color":"","overlay-opacity":"","overlay-gradient":""}},"footnotes":""},"class_list":["post-2","page","type-page","status-publish","hentry"],"uagb_featured_image_src":{"full":false,"thumbnail":false,"medium":false,"medium_large":false,"large":false,"thumblist":false,"thumbrelated":false,"meccarouselthumb":false,"gridsquare":false,"tileview":false,"1536x1536":false,"2048x2048":false},"uagb_author_info":{"display_name":"admclients","author_link":"https:\/\/lausanne-usl.ch\/scrabble-lausanne\/author\/admclients\/"},"uagb_comment_info":0,"uagb_excerpt":"Pour de plus amples renseignements :\u00a0Vincent Maendly, pr\u00e9sident\u00a0e-mail: ble@fssc.chSylvianne Henriot, secr\u00e9taire021 \/ 648 12 32 E-mail :\u00a0ble@fssc.ch Notre club a \u00e9t\u00e9 cr\u00e9\u00e9 en 1997 par quelques fervents amateurs de Scrabble qui avaient envie d&#8217;assouvir leur passion des mots pr\u00e8s de chez eux et d&#8217;y entra\u00eener de nouveaux adeptes. Nous nous retrouvons d\u00e8s lors dans les\u2026","_links":{"self":[{"href":"https:\/\/lausanne-usl.ch\/scrabble-lausanne\/wp-json\/wp\/v2\/pages\/2","targetHints":{"allow":["GET"]}}],"collection":[{"href":"https:\/\/lausanne-usl.ch\/scrabble-lausanne\/wp-json\/wp\/v2\/pages"}],"about":[{"href":"https:\/\/lausanne-usl.ch\/scrabble-lausanne\/wp-json\/wp\/v2\/types\/page"}],"author":[{"embeddable":true,"href":"https:\/\/lausanne-usl.ch\/scrabble-lausanne\/wp-json\/wp\/v2\/users\/1"}],"replies":[{"embeddable":true,"href":"https:\/\/lausanne-usl.ch\/scrabble-lausanne\/wp-json\/wp\/v2\/comments?post=2"}],"version-history":[{"count":2,"href":"https:\/\/lausanne-usl.ch\/scrabble-lausanne\/wp-json\/wp\/v2\/pages\/2\/revisions"}],"predecessor-version":[{"id":653,"href":"https:\/\/lausanne-usl.ch\/scrabble-lausanne\/wp-json\/wp\/v2\/pages\/2\/revisions\/653"}],"wp:attachment":[{"href":"https:\/\/lausanne-usl.ch\/scrabble-lausanne\/wp-json\/wp\/v2\/media?parent=2"}],"curies":[{"name":"wp","href":"https:\/\/api.w.org\/{rel}","templated":true}]}}